{"id":747,"date":"2023-10-14T15:08:19","date_gmt":"2023-10-14T13:08:19","guid":{"rendered":"https:\/\/studioconcadoro.com\/?page_id=747"},"modified":"2023-11-11T15:14:13","modified_gmt":"2023-11-11T14:14:13","slug":"valeria-di-maio","status":"publish","type":"page","link":"https:\/\/studioconcadoro.com\/?page_id=747","title":{"rendered":"Valeria Di Maio"},"content":{"rendered":"\n<p class=\"is-style-default\"><\/p>\n\n\n\n<div class=\"wp-block-media-text has-media-on-the-right is-stacked-on-mobile is-style-default\" style=\"grid-template-columns:auto 35%\"><div class=\"wp-block-media-text__content\">\n<p>Valeria Di Maio  \u00e8 nata a Rimini. Si \u00e8 laureata in Medicina e Chirurgia presso l&#8217;Universit\u00e0 di Roma &#8220;La Sapienza&#8221; nel 2002.  Nella stessa universit\u00e0 ha conseguito la specializzazione in Pediatria nel 2007.<br>Presso lo studio &#8220;Conca d&#8217;Oro&#8221; esercita in qualit\u00e0 di Pediatra di libera scelta, convenzionata con la ASL.<br>Riceve  <strong>PER APPUNTAMENTO <\/strong>presso lo Studio &#8220;Conca d&#8217;Oro con il seguente orario:<\/p>\n\n\n\n<figure class=\"wp-block-table\"><table><tbody><tr><td class=\"has-text-align-right\" data-align=\"right\">Luned\u00ec<\/td><td class=\"has-text-align-left\" data-align=\"left\">10:30 &#8211; 13:30<\/td><\/tr><tr><td class=\"has-text-align-right\" data-align=\"right\">Marted\u00ec<\/td><td class=\"has-text-align-left\" data-align=\"left\">15:00 &#8211; 18:00<\/td><\/tr><tr><td class=\"has-text-align-right\" data-align=\"right\">Mercoled\u00ec<\/td><td class=\"has-text-align-left\" data-align=\"left\">10:30 &#8211; 13:30<\/td><\/tr><tr><td class=\"has-text-align-right\" data-align=\"right\">Gioved\u00ec<\/td><td class=\"has-text-align-left\" data-align=\"left\">15:00 &#8211; 18:00<\/td><\/tr><tr><td class=\"has-text-align-right\" data-align=\"right\">Venerd\u00ec<\/td><td class=\"has-text-align-left\" data-align=\"left\">10:00 &#8211; 13:00                      <\/td><\/tr><\/tbody><\/table><\/figure>\n<\/div><figure class=\"wp-block-media-text__media\"><img loading=\"lazy\" decoding=\"async\" width=\"640\" height=\"640\" src=\"https:\/\/studioconcadoro.com\/wp-content\/uploads\/2023\/10\/Di-Maio-Valeria.jpg\" alt=\"\" class=\"wp-image-750 size-full\" srcset=\"https:\/\/studioconcadoro.com\/wp-content\/uploads\/2023\/10\/Di-Maio-Valeria.jpg 640w, https:\/\/studioconcadoro.com\/wp-content\/uploads\/2023\/10\/Di-Maio-Valeria-300x300.jpg 300w, https:\/\/studioconcadoro.com\/wp-content\/uploads\/2023\/10\/Di-Maio-Valeria-150x150.jpg 150w\" sizes=\"auto, (max-width: 640px) 100vw, 640px\" \/><\/figure><\/div>\n\n\n<p style=\"text-align: right;\"><a href=\"https:\/\/studioconcadoro.com\/?page_id=762\"><strong><span style=\"color: #ffff00;\">Richiesta prescrizioni online<\/span><\/strong><\/a><\/p>\n\n\n<div class=\"wp-block-media-text is-stacked-on-mobile\" style=\"grid-template-columns:29% auto\"><figure class=\"wp-block-media-text__media\"><img loading=\"lazy\" decoding=\"async\" width=\"220\" height=\"220\" src=\"https:\/\/studioconcadoro.com\/wp-content\/uploads\/2023\/11\/telefono-immagine-animata-01-2.gif\" alt=\"\" class=\"wp-image-816 size-full\"\/><\/figure><div class=\"wp-block-media-text__content\">\n<h1 class=\"wp-block-heading\"><strong>telefono: 391 1794530<\/strong><\/h1>\n<\/div><\/div>\n\n\n\n<p><\/p>\n","protected":false},"excerpt":{"rendered":"<p>Valeria Di Maio \u00e8 nata a Rimini. Si \u00e8 laureata in Medicina e Chirurgia presso l&#8217;Universit\u00e0 di Roma &#8220;La Sapienza&#8221;<span class=\"more-dots\">&#8230;<\/span><\/p>\n","protected":false},"author":1,"featured_media":0,"parent":401,"menu_order":0,"comment_status":"closed","ping_status":"closed","template":"","meta":{"footnotes":""},"class_list":["post-747","page","type-page","status-publish","hentry","no-post-thumbnail"],"yoast_head":"<!-- This site is optimized with the Yoast SEO plugin v25.6 - https:\/\/yoast.com\/wordpress\/plugins\/seo\/ -->\n<title>Valeria Di Maio - Studio Medico Polispecialistico &quot;Conca d&#039;Oro&quot; - Roma<\/title>\n<meta name=\"description\" content=\"Massimo Stanzione Medico di Medicina Generale, Odontoiatra\" \/>\n<meta name=\"robots\" content=\"index, follow, max-snippet:-1, max-image-preview:large, max-video-preview:-1\" \/>\n<link rel=\"canonical\" href=\"https:\/\/studioconcadoro.com\/?page_id=747\" \/>\n<meta property=\"og:locale\" content=\"en_US\" \/>\n<meta property=\"og:type\" content=\"article\" \/>\n<meta property=\"og:title\" content=\"Valeria Di Maio - Studio Medico Polispecialistico &quot;Conca d&#039;Oro&quot; - Roma\" \/>\n<meta property=\"og:description\" content=\"Massimo Stanzione Medico di Medicina Generale, Odontoiatra\" \/>\n<meta property=\"og:url\" content=\"https:\/\/studioconcadoro.com\/?page_id=747\" \/>\n<meta property=\"og:site_name\" content=\"Studio Medico Polispecialistico &quot;Conca d&#039;Oro&quot; - Roma\" \/>\n<meta property=\"article:modified_time\" content=\"2023-11-11T14:14:13+00:00\" \/>\n<meta property=\"og:image\" content=\"https:\/\/studioconcadoro.com\/wp-content\/uploads\/2023\/10\/Di-Maio-Valeria.jpg\" \/>\n<meta name=\"twitter:card\" content=\"summary_large_image\" \/>\n<meta name=\"twitter:label1\" content=\"Est. reading time\" \/>\n\t<meta name=\"twitter:data1\" content=\"1 minute\" \/>\n<script type=\"application\/ld+json\" class=\"yoast-schema-graph\">{\"@context\":\"https:\/\/schema.org\",\"@graph\":[{\"@type\":\"WebPage\",\"@id\":\"https:\/\/studioconcadoro.com\/?page_id=747\",\"url\":\"https:\/\/studioconcadoro.com\/?page_id=747\",\"name\":\"Valeria Di Maio - Studio Medico Polispecialistico &quot;Conca d&#039;Oro&quot; - Roma\",\"isPartOf\":{\"@id\":\"https:\/\/studioconcadoro.com\/#website\"},\"primaryImageOfPage\":{\"@id\":\"https:\/\/studioconcadoro.com\/?page_id=747#primaryimage\"},\"image\":{\"@id\":\"https:\/\/studioconcadoro.com\/?page_id=747#primaryimage\"},\"thumbnailUrl\":\"https:\/\/studioconcadoro.com\/wp-content\/uploads\/2023\/10\/Di-Maio-Valeria.jpg\",\"datePublished\":\"2023-10-14T13:08:19+00:00\",\"dateModified\":\"2023-11-11T14:14:13+00:00\",\"description\":\"Massimo Stanzione Medico di Medicina Generale, Odontoiatra\",\"breadcrumb\":{\"@id\":\"https:\/\/studioconcadoro.com\/?page_id=747#breadcrumb\"},\"inLanguage\":\"en-US\",\"potentialAction\":[{\"@type\":\"ReadAction\",\"target\":[\"https:\/\/studioconcadoro.com\/?page_id=747\"]}]},{\"@type\":\"ImageObject\",\"inLanguage\":\"en-US\",\"@id\":\"https:\/\/studioconcadoro.com\/?page_id=747#primaryimage\",\"url\":\"https:\/\/studioconcadoro.com\/wp-content\/uploads\/2023\/10\/Di-Maio-Valeria.jpg\",\"contentUrl\":\"https:\/\/studioconcadoro.com\/wp-content\/uploads\/2023\/10\/Di-Maio-Valeria.jpg\",\"width\":640,\"height\":640},{\"@type\":\"BreadcrumbList\",\"@id\":\"https:\/\/studioconcadoro.com\/?page_id=747#breadcrumb\",\"itemListElement\":[{\"@type\":\"ListItem\",\"position\":1,\"name\":\"Home\",\"item\":\"https:\/\/studioconcadoro.com\/\"},{\"@type\":\"ListItem\",\"position\":2,\"name\":\"Pediatria\",\"item\":\"https:\/\/studioconcadoro.com\/?page_id=401\"},{\"@type\":\"ListItem\",\"position\":3,\"name\":\"Valeria Di Maio\"}]},{\"@type\":\"WebSite\",\"@id\":\"https:\/\/studioconcadoro.com\/#website\",\"url\":\"https:\/\/studioconcadoro.com\/\",\"name\":\"Studio Medico Polispecialistico &quot;Conca d&#039;Oro&quot; - Roma\",\"description\":\"\",\"potentialAction\":[{\"@type\":\"SearchAction\",\"target\":{\"@type\":\"EntryPoint\",\"urlTemplate\":\"https:\/\/studioconcadoro.com\/?s={search_term_string}\"},\"query-input\":{\"@type\":\"PropertyValueSpecification\",\"valueRequired\":true,\"valueName\":\"search_term_string\"}}],\"inLanguage\":\"en-US\"}]}<\/script>\n<!-- \/ Yoast SEO plugin. -->","yoast_head_json":{"title":"Valeria Di Maio - Studio Medico Polispecialistico &quot;Conca d&#039;Oro&quot; - Roma","description":"Massimo Stanzione Medico di Medicina Generale, Odontoiatra","robots":{"index":"index","follow":"follow","max-snippet":"max-snippet:-1","max-image-preview":"max-image-preview:large","max-video-preview":"max-video-preview:-1"},"canonical":"https:\/\/studioconcadoro.com\/?page_id=747","og_locale":"en_US","og_type":"article","og_title":"Valeria Di Maio - Studio Medico Polispecialistico &quot;Conca d&#039;Oro&quot; - Roma","og_description":"Massimo Stanzione Medico di Medicina Generale, Odontoiatra","og_url":"https:\/\/studioconcadoro.com\/?page_id=747","og_site_name":"Studio Medico Polispecialistico &quot;Conca d&#039;Oro&quot; - Roma","article_modified_time":"2023-11-11T14:14:13+00:00","og_image":[{"url":"https:\/\/studioconcadoro.com\/wp-content\/uploads\/2023\/10\/Di-Maio-Valeria.jpg","type":"","width":"","height":""}],"twitter_card":"summary_large_image","twitter_misc":{"Est. reading time":"1 minute"},"schema":{"@context":"https:\/\/schema.org","@graph":[{"@type":"WebPage","@id":"https:\/\/studioconcadoro.com\/?page_id=747","url":"https:\/\/studioconcadoro.com\/?page_id=747","name":"Valeria Di Maio - Studio Medico Polispecialistico &quot;Conca d&#039;Oro&quot; - Roma","isPartOf":{"@id":"https:\/\/studioconcadoro.com\/#website"},"primaryImageOfPage":{"@id":"https:\/\/studioconcadoro.com\/?page_id=747#primaryimage"},"image":{"@id":"https:\/\/studioconcadoro.com\/?page_id=747#primaryimage"},"thumbnailUrl":"https:\/\/studioconcadoro.com\/wp-content\/uploads\/2023\/10\/Di-Maio-Valeria.jpg","datePublished":"2023-10-14T13:08:19+00:00","dateModified":"2023-11-11T14:14:13+00:00","description":"Massimo Stanzione Medico di Medicina Generale, Odontoiatra","breadcrumb":{"@id":"https:\/\/studioconcadoro.com\/?page_id=747#breadcrumb"},"inLanguage":"en-US","potentialAction":[{"@type":"ReadAction","target":["https:\/\/studioconcadoro.com\/?page_id=747"]}]},{"@type":"ImageObject","inLanguage":"en-US","@id":"https:\/\/studioconcadoro.com\/?page_id=747#primaryimage","url":"https:\/\/studioconcadoro.com\/wp-content\/uploads\/2023\/10\/Di-Maio-Valeria.jpg","contentUrl":"https:\/\/studioconcadoro.com\/wp-content\/uploads\/2023\/10\/Di-Maio-Valeria.jpg","width":640,"height":640},{"@type":"BreadcrumbList","@id":"https:\/\/studioconcadoro.com\/?page_id=747#breadcrumb","itemListElement":[{"@type":"ListItem","position":1,"name":"Home","item":"https:\/\/studioconcadoro.com\/"},{"@type":"ListItem","position":2,"name":"Pediatria","item":"https:\/\/studioconcadoro.com\/?page_id=401"},{"@type":"ListItem","position":3,"name":"Valeria Di Maio"}]},{"@type":"WebSite","@id":"https:\/\/studioconcadoro.com\/#website","url":"https:\/\/studioconcadoro.com\/","name":"Studio Medico Polispecialistico &quot;Conca d&#039;Oro&quot; - Roma","description":"","potentialAction":[{"@type":"SearchAction","target":{"@type":"EntryPoint","urlTemplate":"https:\/\/studioconcadoro.com\/?s={search_term_string}"},"query-input":{"@type":"PropertyValueSpecification","valueRequired":true,"valueName":"search_term_string"}}],"inLanguage":"en-US"}]}},"_links":{"self":[{"href":"https:\/\/studioconcadoro.com\/index.php?rest_route=\/wp\/v2\/pages\/747","targetHints":{"allow":["GET"]}}],"collection":[{"href":"https:\/\/studioconcadoro.com\/index.php?rest_route=\/wp\/v2\/pages"}],"about":[{"href":"https:\/\/studioconcadoro.com\/index.php?rest_route=\/wp\/v2\/types\/page"}],"author":[{"embeddable":true,"href":"https:\/\/studioconcadoro.com\/index.php?rest_route=\/wp\/v2\/users\/1"}],"replies":[{"embeddable":true,"href":"https:\/\/studioconcadoro.com\/index.php?rest_route=%2Fwp%2Fv2%2Fcomments&post=747"}],"version-history":[{"count":14,"href":"https:\/\/studioconcadoro.com\/index.php?rest_route=\/wp\/v2\/pages\/747\/revisions"}],"predecessor-version":[{"id":822,"href":"https:\/\/studioconcadoro.com\/index.php?rest_route=\/wp\/v2\/pages\/747\/revisions\/822"}],"up":[{"embeddable":true,"href":"https:\/\/studioconcadoro.com\/index.php?rest_route=\/wp\/v2\/pages\/401"}],"wp:attachment":[{"href":"https:\/\/studioconcadoro.com\/index.php?rest_route=%2Fwp%2Fv2%2Fmedia&parent=747"}],"curies":[{"name":"wp","href":"https:\/\/api.w.org\/{rel}","templated":true}]}}