{"id":506,"date":"2023-07-30T12:10:56","date_gmt":"2023-07-30T10:10:56","guid":{"rendered":"https:\/\/studioconcadoro.com\/?page_id=506"},"modified":"2023-11-18T11:21:34","modified_gmt":"2023-11-18T10:21:34","slug":"segreteria","status":"publish","type":"page","link":"https:\/\/studioconcadoro.com\/?page_id=506","title":{"rendered":"Segreteria"},"content":{"rendered":"\n<p><\/p>\n\n\n\n<p><\/p>\n\n\n\n<div class=\"wp-block-media-text is-stacked-on-mobile\" style=\"grid-template-columns:43% auto\"><figure class=\"wp-block-media-text__media\"><img loading=\"lazy\" decoding=\"async\" width=\"1024\" height=\"768\" src=\"http:\/\/studioconcadoro.com\/wp-content\/uploads\/2023\/07\/FotoParcoDelleValliDrone2-1024x768.jpg\" alt=\"\" class=\"wp-image-508 size-full\" srcset=\"https:\/\/studioconcadoro.com\/wp-content\/uploads\/2023\/07\/FotoParcoDelleValliDrone2-1024x768.jpg 1024w, https:\/\/studioconcadoro.com\/wp-content\/uploads\/2023\/07\/FotoParcoDelleValliDrone2-300x225.jpg 300w, https:\/\/studioconcadoro.com\/wp-content\/uploads\/2023\/07\/FotoParcoDelleValliDrone2-768x576.jpg 768w, https:\/\/studioconcadoro.com\/wp-content\/uploads\/2023\/07\/FotoParcoDelleValliDrone2-1536x1152.jpg 1536w, https:\/\/studioconcadoro.com\/wp-content\/uploads\/2023\/07\/FotoParcoDelleValliDrone2-1140x855.jpg 1140w, https:\/\/studioconcadoro.com\/wp-content\/uploads\/2023\/07\/FotoParcoDelleValliDrone2.jpg 1600w\" sizes=\"auto, (max-width: 1024px) 100vw, 1024px\" \/><\/figure><div class=\"wp-block-media-text__content\">\n<h2 class=\"wp-block-heading has-text-align-center\">La segreteria dello Studio \u00e8 aperta <\/h2>\n\n\n\n<h2 class=\"wp-block-heading has-text-align-center\">dal luned\u00ec al venerd\u00ec con orario 10:00 &#8211; 19:00 <\/h2>\n\n\n\n<h2 class=\"wp-block-heading has-text-align-center\">\u00c8 chiusa nei giorni festivi e prefestivi<\/h2>\n<\/div><\/div>\n\n\n\n<p style=\"font-size:25px\"><\/p>\n\n\n<h2 style=\"text-align: center;\"><span style=\"color: #ffff00;\"><strong>Per la richiesta di prescrizioni mediche \u00e8 sempre preferibile usare la procedura automatizzata online\u00a0<\/strong><\/span><\/h2>\n\n\n<div class=\"wp-block-buttons is-layout-flex wp-block-buttons-is-layout-flex\">\n<div class=\"wp-block-button\"><a class=\"wp-block-button__link wp-element-button\" href=\"https:\/\/studioconcadoro.com\/?page_id=516\">Prescrizioni online<\/a><\/div>\n<\/div>\n","protected":false},"excerpt":{"rendered":"<p>La segreteria dello Studio \u00e8 aperta dal luned\u00ec al venerd\u00ec con orario 10:00 &#8211; 19:00 \u00c8 chiusa nei giorni festivi<span class=\"more-dots\">&#8230;<\/span><\/p>\n","protected":false},"author":1,"featured_media":0,"parent":0,"menu_order":0,"comment_status":"closed","ping_status":"closed","template":"","meta":{"footnotes":""},"class_list":["post-506","page","type-page","status-publish","hentry","no-post-thumbnail"],"yoast_head":"<!-- This site is optimized with the Yoast SEO plugin v25.6 - https:\/\/yoast.com\/wordpress\/plugins\/seo\/ -->\n<title>Segreteria - Studio Medico Polispecialistico &quot;Conca d&#039;Oro&quot; - Roma<\/title>\n<meta name=\"robots\" content=\"index, follow, max-snippet:-1, max-image-preview:large, max-video-preview:-1\" \/>\n<link rel=\"canonical\" href=\"https:\/\/studioconcadoro.com\/?page_id=506\" \/>\n<meta property=\"og:locale\" content=\"en_US\" \/>\n<meta property=\"og:type\" content=\"article\" \/>\n<meta property=\"og:title\" content=\"Segreteria - Studio Medico Polispecialistico &quot;Conca d&#039;Oro&quot; - Roma\" \/>\n<meta property=\"og:description\" content=\"La segreteria dello Studio \u00e8 aperta dal luned\u00ec al venerd\u00ec con orario 10:00 &#8211; 19:00 \u00c8 chiusa nei giorni festivi...\" \/>\n<meta property=\"og:url\" content=\"https:\/\/studioconcadoro.com\/?page_id=506\" \/>\n<meta property=\"og:site_name\" content=\"Studio Medico Polispecialistico &quot;Conca d&#039;Oro&quot; - Roma\" \/>\n<meta property=\"article:modified_time\" content=\"2023-11-18T10:21:34+00:00\" \/>\n<meta property=\"og:image\" content=\"http:\/\/studioconcadoro.com\/wp-content\/uploads\/2023\/07\/FotoParcoDelleValliDrone2-1024x768.jpg\" \/>\n<meta name=\"twitter:card\" content=\"summary_large_image\" \/>\n<meta name=\"twitter:label1\" content=\"Est. reading time\" \/>\n\t<meta name=\"twitter:data1\" content=\"1 minute\" \/>\n<script type=\"application\/ld+json\" class=\"yoast-schema-graph\">{\"@context\":\"https:\/\/schema.org\",\"@graph\":[{\"@type\":\"WebPage\",\"@id\":\"https:\/\/studioconcadoro.com\/?page_id=506\",\"url\":\"https:\/\/studioconcadoro.com\/?page_id=506\",\"name\":\"Segreteria - Studio Medico Polispecialistico &quot;Conca d&#039;Oro&quot; - Roma\",\"isPartOf\":{\"@id\":\"https:\/\/studioconcadoro.com\/#website\"},\"primaryImageOfPage\":{\"@id\":\"https:\/\/studioconcadoro.com\/?page_id=506#primaryimage\"},\"image\":{\"@id\":\"https:\/\/studioconcadoro.com\/?page_id=506#primaryimage\"},\"thumbnailUrl\":\"http:\/\/studioconcadoro.com\/wp-content\/uploads\/2023\/07\/FotoParcoDelleValliDrone2-1024x768.jpg\",\"datePublished\":\"2023-07-30T10:10:56+00:00\",\"dateModified\":\"2023-11-18T10:21:34+00:00\",\"breadcrumb\":{\"@id\":\"https:\/\/studioconcadoro.com\/?page_id=506#breadcrumb\"},\"inLanguage\":\"en-US\",\"potentialAction\":[{\"@type\":\"ReadAction\",\"target\":[\"https:\/\/studioconcadoro.com\/?page_id=506\"]}]},{\"@type\":\"ImageObject\",\"inLanguage\":\"en-US\",\"@id\":\"https:\/\/studioconcadoro.com\/?page_id=506#primaryimage\",\"url\":\"http:\/\/studioconcadoro.com\/wp-content\/uploads\/2023\/07\/FotoParcoDelleValliDrone2-1024x768.jpg\",\"contentUrl\":\"http:\/\/studioconcadoro.com\/wp-content\/uploads\/2023\/07\/FotoParcoDelleValliDrone2-1024x768.jpg\"},{\"@type\":\"BreadcrumbList\",\"@id\":\"https:\/\/studioconcadoro.com\/?page_id=506#breadcrumb\",\"itemListElement\":[{\"@type\":\"ListItem\",\"position\":1,\"name\":\"Home\",\"item\":\"https:\/\/studioconcadoro.com\/\"},{\"@type\":\"ListItem\",\"position\":2,\"name\":\"Segreteria\"}]},{\"@type\":\"WebSite\",\"@id\":\"https:\/\/studioconcadoro.com\/#website\",\"url\":\"https:\/\/studioconcadoro.com\/\",\"name\":\"Studio Medico Polispecialistico &quot;Conca d&#039;Oro&quot; - Roma\",\"description\":\"\",\"potentialAction\":[{\"@type\":\"SearchAction\",\"target\":{\"@type\":\"EntryPoint\",\"urlTemplate\":\"https:\/\/studioconcadoro.com\/?s={search_term_string}\"},\"query-input\":{\"@type\":\"PropertyValueSpecification\",\"valueRequired\":true,\"valueName\":\"search_term_string\"}}],\"inLanguage\":\"en-US\"}]}<\/script>\n<!-- \/ Yoast SEO plugin. -->","yoast_head_json":{"title":"Segreteria - Studio Medico Polispecialistico &quot;Conca d&#039;Oro&quot; - Roma","robots":{"index":"index","follow":"follow","max-snippet":"max-snippet:-1","max-image-preview":"max-image-preview:large","max-video-preview":"max-video-preview:-1"},"canonical":"https:\/\/studioconcadoro.com\/?page_id=506","og_locale":"en_US","og_type":"article","og_title":"Segreteria - Studio Medico Polispecialistico &quot;Conca d&#039;Oro&quot; - Roma","og_description":"La segreteria dello Studio \u00e8 aperta dal luned\u00ec al venerd\u00ec con orario 10:00 &#8211; 19:00 \u00c8 chiusa nei giorni festivi...","og_url":"https:\/\/studioconcadoro.com\/?page_id=506","og_site_name":"Studio Medico Polispecialistico &quot;Conca d&#039;Oro&quot; - Roma","article_modified_time":"2023-11-18T10:21:34+00:00","og_image":[{"url":"http:\/\/studioconcadoro.com\/wp-content\/uploads\/2023\/07\/FotoParcoDelleValliDrone2-1024x768.jpg","type":"","width":"","height":""}],"twitter_card":"summary_large_image","twitter_misc":{"Est. reading time":"1 minute"},"schema":{"@context":"https:\/\/schema.org","@graph":[{"@type":"WebPage","@id":"https:\/\/studioconcadoro.com\/?page_id=506","url":"https:\/\/studioconcadoro.com\/?page_id=506","name":"Segreteria - Studio Medico Polispecialistico &quot;Conca d&#039;Oro&quot; - Roma","isPartOf":{"@id":"https:\/\/studioconcadoro.com\/#website"},"primaryImageOfPage":{"@id":"https:\/\/studioconcadoro.com\/?page_id=506#primaryimage"},"image":{"@id":"https:\/\/studioconcadoro.com\/?page_id=506#primaryimage"},"thumbnailUrl":"http:\/\/studioconcadoro.com\/wp-content\/uploads\/2023\/07\/FotoParcoDelleValliDrone2-1024x768.jpg","datePublished":"2023-07-30T10:10:56+00:00","dateModified":"2023-11-18T10:21:34+00:00","breadcrumb":{"@id":"https:\/\/studioconcadoro.com\/?page_id=506#breadcrumb"},"inLanguage":"en-US","potentialAction":[{"@type":"ReadAction","target":["https:\/\/studioconcadoro.com\/?page_id=506"]}]},{"@type":"ImageObject","inLanguage":"en-US","@id":"https:\/\/studioconcadoro.com\/?page_id=506#primaryimage","url":"http:\/\/studioconcadoro.com\/wp-content\/uploads\/2023\/07\/FotoParcoDelleValliDrone2-1024x768.jpg","contentUrl":"http:\/\/studioconcadoro.com\/wp-content\/uploads\/2023\/07\/FotoParcoDelleValliDrone2-1024x768.jpg"},{"@type":"BreadcrumbList","@id":"https:\/\/studioconcadoro.com\/?page_id=506#breadcrumb","itemListElement":[{"@type":"ListItem","position":1,"name":"Home","item":"https:\/\/studioconcadoro.com\/"},{"@type":"ListItem","position":2,"name":"Segreteria"}]},{"@type":"WebSite","@id":"https:\/\/studioconcadoro.com\/#website","url":"https:\/\/studioconcadoro.com\/","name":"Studio Medico Polispecialistico &quot;Conca d&#039;Oro&quot; - Roma","description":"","potentialAction":[{"@type":"SearchAction","target":{"@type":"EntryPoint","urlTemplate":"https:\/\/studioconcadoro.com\/?s={search_term_string}"},"query-input":{"@type":"PropertyValueSpecification","valueRequired":true,"valueName":"search_term_string"}}],"inLanguage":"en-US"}]}},"_links":{"self":[{"href":"https:\/\/studioconcadoro.com\/index.php?rest_route=\/wp\/v2\/pages\/506","targetHints":{"allow":["GET"]}}],"collection":[{"href":"https:\/\/studioconcadoro.com\/index.php?rest_route=\/wp\/v2\/pages"}],"about":[{"href":"https:\/\/studioconcadoro.com\/index.php?rest_route=\/wp\/v2\/types\/page"}],"author":[{"embeddable":true,"href":"https:\/\/studioconcadoro.com\/index.php?rest_route=\/wp\/v2\/users\/1"}],"replies":[{"embeddable":true,"href":"https:\/\/studioconcadoro.com\/index.php?rest_route=%2Fwp%2Fv2%2Fcomments&post=506"}],"version-history":[{"count":8,"href":"https:\/\/studioconcadoro.com\/index.php?rest_route=\/wp\/v2\/pages\/506\/revisions"}],"predecessor-version":[{"id":827,"href":"https:\/\/studioconcadoro.com\/index.php?rest_route=\/wp\/v2\/pages\/506\/revisions\/827"}],"wp:attachment":[{"href":"https:\/\/studioconcadoro.com\/index.php?rest_route=%2Fwp%2Fv2%2Fmedia&parent=506"}],"curies":[{"name":"wp","href":"https:\/\/api.w.org\/{rel}","templated":true}]}}