{"id":404,"date":"2023-07-08T18:18:44","date_gmt":"2023-07-08T16:18:44","guid":{"rendered":"https:\/\/studioconcadoro.com\/?page_id=404"},"modified":"2026-02-17T16:29:42","modified_gmt":"2026-02-17T15:29:42","slug":"cristina-ciuffo","status":"publish","type":"page","link":"https:\/\/studioconcadoro.com\/?page_id=404","title":{"rendered":"Cristina Ciuffo"},"content":{"rendered":"\n<p class=\"is-style-default\"><\/p>\n\n\n\n<div class=\"wp-block-media-text has-media-on-the-right is-stacked-on-mobile is-style-default\" style=\"grid-template-columns:auto 37%\"><div class=\"wp-block-media-text__content\">\n<p>Cristina Ciuffo si \u00e8 laureata in Medicina e Chirurgia presso l&#8217;Universit\u00e0 di Roma &#8220;La Sapienza&#8221;. Nella stessa universit\u00e0 ha conseguito la specializzazioni in Pediatria nel 1986.<br>Presso lo studio &#8220;Conca d&#8217;Oro&#8221; esercita in qualit\u00e0 di Pediatra di libera scelta, convenzionata con la ASL<br>Riceve  <strong>PER APPUNTAMENTO <\/strong>con il seguente orario:<\/p>\n\n\n\n<figure class=\"wp-block-table\"><table><tbody><tr><td class=\"has-text-align-right\" data-align=\"right\">Luned\u00ec<\/td><td class=\"has-text-align-left\" data-align=\"left\">14:30 &#8211; 18:00<\/td><\/tr><tr><td class=\"has-text-align-right\" data-align=\"right\">Marted\u00ec<\/td><td class=\"has-text-align-left\" data-align=\"left\"> 9:30 &#8211; 13:30<\/td><\/tr><tr><td class=\"has-text-align-right\" data-align=\"right\">Mercoled\u00ec<\/td><td class=\"has-text-align-left\" data-align=\"left\">14:30 &#8211; 18:00<\/td><\/tr><tr><td class=\"has-text-align-right\" data-align=\"right\">Gioved\u00ec<\/td><td class=\"has-text-align-left\" data-align=\"left\">10:00 &#8211; 14:30<\/td><\/tr><tr><td class=\"has-text-align-right\" data-align=\"right\">Venerd\u00ec<\/td><td class=\"has-text-align-left\" data-align=\"left\">14:30 &#8211; 18:00<\/td><\/tr><\/tbody><\/table><\/figure>\n<\/div><figure class=\"wp-block-media-text__media\"><img loading=\"lazy\" decoding=\"async\" width=\"1024\" height=\"765\" src=\"http:\/\/studioconcadoro.com\/wp-content\/uploads\/2023\/07\/Ciuffo-1024x765.jpg\" alt=\"\" class=\"wp-image-407 size-full\" srcset=\"https:\/\/studioconcadoro.com\/wp-content\/uploads\/2023\/07\/Ciuffo-1024x765.jpg 1024w, https:\/\/studioconcadoro.com\/wp-content\/uploads\/2023\/07\/Ciuffo-300x224.jpg 300w, https:\/\/studioconcadoro.com\/wp-content\/uploads\/2023\/07\/Ciuffo-768x574.jpg 768w, https:\/\/studioconcadoro.com\/wp-content\/uploads\/2023\/07\/Ciuffo-1536x1147.jpg 1536w, https:\/\/studioconcadoro.com\/wp-content\/uploads\/2023\/07\/Ciuffo-2048x1530.jpg 2048w, https:\/\/studioconcadoro.com\/wp-content\/uploads\/2023\/07\/Ciuffo-1140x851.jpg 1140w\" sizes=\"auto, (max-width: 1024px) 100vw, 1024px\" \/><\/figure><\/div>\n\n\n\n<div class=\"wp-block-buttons alignfull is-layout-flex wp-block-buttons-is-layout-flex\"><\/div>\n\n\n<h2 style=\"padding-left: 40px; text-align: right;\"><a href=\"https:\/\/studioconcadoro.com\/?page_id=658\" data-wplink-edit=\"true\"><strong><span style=\"color: #ffff00;\">Richiesta prescrizioni online<\/span><\/strong><\/a><\/h2>","protected":false},"excerpt":{"rendered":"<p>Cristina Ciuffo si \u00e8 laureata in Medicina e Chirurgia presso l&#8217;Universit\u00e0 di Roma &#8220;La Sapienza&#8221;. Nella stessa universit\u00e0 ha conseguito<span class=\"more-dots\">&#8230;<\/span><\/p>\n","protected":false},"author":1,"featured_media":0,"parent":189,"menu_order":0,"comment_status":"closed","ping_status":"closed","template":"","meta":{"footnotes":""},"class_list":["post-404","page","type-page","status-publish","hentry","no-post-thumbnail"],"yoast_head":"<!-- This site is optimized with the Yoast SEO plugin v25.6 - https:\/\/yoast.com\/wordpress\/plugins\/seo\/ -->\n<title>Cristina Ciuffo - Studio Medico Polispecialistico &quot;Conca d&#039;Oro&quot; - Roma<\/title>\n<meta name=\"description\" content=\"Massimo Stanzione Medico di Medicina Generale, Odontoiatra\" \/>\n<meta name=\"robots\" content=\"index, follow, max-snippet:-1, max-image-preview:large, max-video-preview:-1\" \/>\n<link rel=\"canonical\" href=\"https:\/\/studioconcadoro.com\/?page_id=404\" \/>\n<meta property=\"og:locale\" content=\"en_US\" \/>\n<meta property=\"og:type\" content=\"article\" \/>\n<meta property=\"og:title\" content=\"Cristina Ciuffo - Studio Medico Polispecialistico &quot;Conca d&#039;Oro&quot; - Roma\" \/>\n<meta property=\"og:description\" content=\"Massimo Stanzione Medico di Medicina Generale, Odontoiatra\" \/>\n<meta property=\"og:url\" content=\"https:\/\/studioconcadoro.com\/?page_id=404\" \/>\n<meta property=\"og:site_name\" content=\"Studio Medico Polispecialistico &quot;Conca d&#039;Oro&quot; - Roma\" \/>\n<meta property=\"article:modified_time\" content=\"2026-02-17T15:29:42+00:00\" \/>\n<meta property=\"og:image\" content=\"https:\/\/studioconcadoro.com\/wp-content\/uploads\/2023\/07\/Ciuffo-scaled.jpg\" \/>\n\t<meta property=\"og:image:width\" content=\"2560\" \/>\n\t<meta property=\"og:image:height\" content=\"1912\" \/>\n\t<meta property=\"og:image:type\" content=\"image\/jpeg\" \/>\n<meta name=\"twitter:card\" content=\"summary_large_image\" \/>\n<meta name=\"twitter:label1\" content=\"Est. reading time\" \/>\n\t<meta name=\"twitter:data1\" content=\"1 minute\" \/>\n<script type=\"application\/ld+json\" class=\"yoast-schema-graph\">{\"@context\":\"https:\/\/schema.org\",\"@graph\":[{\"@type\":\"WebPage\",\"@id\":\"https:\/\/studioconcadoro.com\/?page_id=404\",\"url\":\"https:\/\/studioconcadoro.com\/?page_id=404\",\"name\":\"Cristina Ciuffo - Studio Medico Polispecialistico &quot;Conca d&#039;Oro&quot; - Roma\",\"isPartOf\":{\"@id\":\"https:\/\/studioconcadoro.com\/#website\"},\"primaryImageOfPage\":{\"@id\":\"https:\/\/studioconcadoro.com\/?page_id=404#primaryimage\"},\"image\":{\"@id\":\"https:\/\/studioconcadoro.com\/?page_id=404#primaryimage\"},\"thumbnailUrl\":\"http:\/\/studioconcadoro.com\/wp-content\/uploads\/2023\/07\/Ciuffo-1024x765.jpg\",\"datePublished\":\"2023-07-08T16:18:44+00:00\",\"dateModified\":\"2026-02-17T15:29:42+00:00\",\"description\":\"Massimo Stanzione Medico di Medicina Generale, Odontoiatra\",\"breadcrumb\":{\"@id\":\"https:\/\/studioconcadoro.com\/?page_id=404#breadcrumb\"},\"inLanguage\":\"en-US\",\"potentialAction\":[{\"@type\":\"ReadAction\",\"target\":[\"https:\/\/studioconcadoro.com\/?page_id=404\"]}]},{\"@type\":\"ImageObject\",\"inLanguage\":\"en-US\",\"@id\":\"https:\/\/studioconcadoro.com\/?page_id=404#primaryimage\",\"url\":\"http:\/\/studioconcadoro.com\/wp-content\/uploads\/2023\/07\/Ciuffo-1024x765.jpg\",\"contentUrl\":\"http:\/\/studioconcadoro.com\/wp-content\/uploads\/2023\/07\/Ciuffo-1024x765.jpg\"},{\"@type\":\"BreadcrumbList\",\"@id\":\"https:\/\/studioconcadoro.com\/?page_id=404#breadcrumb\",\"itemListElement\":[{\"@type\":\"ListItem\",\"position\":1,\"name\":\"Home\",\"item\":\"https:\/\/studioconcadoro.com\/\"},{\"@type\":\"ListItem\",\"position\":2,\"name\":\"Medicina Generale\",\"item\":\"https:\/\/studioconcadoro.com\/?page_id=189\"},{\"@type\":\"ListItem\",\"position\":3,\"name\":\"Cristina Ciuffo\"}]},{\"@type\":\"WebSite\",\"@id\":\"https:\/\/studioconcadoro.com\/#website\",\"url\":\"https:\/\/studioconcadoro.com\/\",\"name\":\"Studio Medico Polispecialistico &quot;Conca d&#039;Oro&quot; - Roma\",\"description\":\"\",\"potentialAction\":[{\"@type\":\"SearchAction\",\"target\":{\"@type\":\"EntryPoint\",\"urlTemplate\":\"https:\/\/studioconcadoro.com\/?s={search_term_string}\"},\"query-input\":{\"@type\":\"PropertyValueSpecification\",\"valueRequired\":true,\"valueName\":\"search_term_string\"}}],\"inLanguage\":\"en-US\"}]}<\/script>\n<!-- \/ Yoast SEO plugin. -->","yoast_head_json":{"title":"Cristina Ciuffo - Studio Medico Polispecialistico &quot;Conca d&#039;Oro&quot; - Roma","description":"Massimo Stanzione Medico di Medicina Generale, Odontoiatra","robots":{"index":"index","follow":"follow","max-snippet":"max-snippet:-1","max-image-preview":"max-image-preview:large","max-video-preview":"max-video-preview:-1"},"canonical":"https:\/\/studioconcadoro.com\/?page_id=404","og_locale":"en_US","og_type":"article","og_title":"Cristina Ciuffo - Studio Medico Polispecialistico &quot;Conca d&#039;Oro&quot; - Roma","og_description":"Massimo Stanzione Medico di Medicina Generale, Odontoiatra","og_url":"https:\/\/studioconcadoro.com\/?page_id=404","og_site_name":"Studio Medico Polispecialistico &quot;Conca d&#039;Oro&quot; - Roma","article_modified_time":"2026-02-17T15:29:42+00:00","og_image":[{"width":2560,"height":1912,"url":"https:\/\/studioconcadoro.com\/wp-content\/uploads\/2023\/07\/Ciuffo-scaled.jpg","type":"image\/jpeg"}],"twitter_card":"summary_large_image","twitter_misc":{"Est. reading time":"1 minute"},"schema":{"@context":"https:\/\/schema.org","@graph":[{"@type":"WebPage","@id":"https:\/\/studioconcadoro.com\/?page_id=404","url":"https:\/\/studioconcadoro.com\/?page_id=404","name":"Cristina Ciuffo - Studio Medico Polispecialistico &quot;Conca d&#039;Oro&quot; - Roma","isPartOf":{"@id":"https:\/\/studioconcadoro.com\/#website"},"primaryImageOfPage":{"@id":"https:\/\/studioconcadoro.com\/?page_id=404#primaryimage"},"image":{"@id":"https:\/\/studioconcadoro.com\/?page_id=404#primaryimage"},"thumbnailUrl":"http:\/\/studioconcadoro.com\/wp-content\/uploads\/2023\/07\/Ciuffo-1024x765.jpg","datePublished":"2023-07-08T16:18:44+00:00","dateModified":"2026-02-17T15:29:42+00:00","description":"Massimo Stanzione Medico di Medicina Generale, Odontoiatra","breadcrumb":{"@id":"https:\/\/studioconcadoro.com\/?page_id=404#breadcrumb"},"inLanguage":"en-US","potentialAction":[{"@type":"ReadAction","target":["https:\/\/studioconcadoro.com\/?page_id=404"]}]},{"@type":"ImageObject","inLanguage":"en-US","@id":"https:\/\/studioconcadoro.com\/?page_id=404#primaryimage","url":"http:\/\/studioconcadoro.com\/wp-content\/uploads\/2023\/07\/Ciuffo-1024x765.jpg","contentUrl":"http:\/\/studioconcadoro.com\/wp-content\/uploads\/2023\/07\/Ciuffo-1024x765.jpg"},{"@type":"BreadcrumbList","@id":"https:\/\/studioconcadoro.com\/?page_id=404#breadcrumb","itemListElement":[{"@type":"ListItem","position":1,"name":"Home","item":"https:\/\/studioconcadoro.com\/"},{"@type":"ListItem","position":2,"name":"Medicina Generale","item":"https:\/\/studioconcadoro.com\/?page_id=189"},{"@type":"ListItem","position":3,"name":"Cristina Ciuffo"}]},{"@type":"WebSite","@id":"https:\/\/studioconcadoro.com\/#website","url":"https:\/\/studioconcadoro.com\/","name":"Studio Medico Polispecialistico &quot;Conca d&#039;Oro&quot; - Roma","description":"","potentialAction":[{"@type":"SearchAction","target":{"@type":"EntryPoint","urlTemplate":"https:\/\/studioconcadoro.com\/?s={search_term_string}"},"query-input":{"@type":"PropertyValueSpecification","valueRequired":true,"valueName":"search_term_string"}}],"inLanguage":"en-US"}]}},"_links":{"self":[{"href":"https:\/\/studioconcadoro.com\/index.php?rest_route=\/wp\/v2\/pages\/404","targetHints":{"allow":["GET"]}}],"collection":[{"href":"https:\/\/studioconcadoro.com\/index.php?rest_route=\/wp\/v2\/pages"}],"about":[{"href":"https:\/\/studioconcadoro.com\/index.php?rest_route=\/wp\/v2\/types\/page"}],"author":[{"embeddable":true,"href":"https:\/\/studioconcadoro.com\/index.php?rest_route=\/wp\/v2\/users\/1"}],"replies":[{"embeddable":true,"href":"https:\/\/studioconcadoro.com\/index.php?rest_route=%2Fwp%2Fv2%2Fcomments&post=404"}],"version-history":[{"count":8,"href":"https:\/\/studioconcadoro.com\/index.php?rest_route=\/wp\/v2\/pages\/404\/revisions"}],"predecessor-version":[{"id":851,"href":"https:\/\/studioconcadoro.com\/index.php?rest_route=\/wp\/v2\/pages\/404\/revisions\/851"}],"up":[{"embeddable":true,"href":"https:\/\/studioconcadoro.com\/index.php?rest_route=\/wp\/v2\/pages\/189"}],"wp:attachment":[{"href":"https:\/\/studioconcadoro.com\/index.php?rest_route=%2Fwp%2Fv2%2Fmedia&parent=404"}],"curies":[{"name":"wp","href":"https:\/\/api.w.org\/{rel}","templated":true}]}}