{"id":217,"date":"2023-06-20T01:46:32","date_gmt":"2023-06-19T23:46:32","guid":{"rendered":"https:\/\/studioconcadoro.com\/?page_id=217"},"modified":"2023-08-30T14:06:12","modified_gmt":"2023-08-30T12:06:12","slug":"antonio-montini","status":"publish","type":"page","link":"https:\/\/studioconcadoro.com\/?page_id=217","title":{"rendered":"Antonio Montini"},"content":{"rendered":"\n<figure class=\"wp-block-table\"><table><tbody><tr><td><img decoding=\"async\" src=\"http:\/\/studioconcadoro.com\/wp-content\/uploads\/2023\/06\/Screenshot-2023-06-25-133517.png\" alt=\"\" style=\"width: 1000px;\"><\/td><td>Antonio Montini \u00e8 nato a Roma nel 1965. S\u00ec \u00e8 laureato in Medicina e Chirurgia nel 1990 presso l&#8217;Universit\u00e0 di Roma &#8220;La Sapienza&#8221;. Si \u00e8 specializzato presso la stessa universit\u00e0 in Medicina Interna nel 1995.<br>E&#8217; Medico dell&#8217;Aeronautica Militare, strutturato presso il Policlinico militare del Celio di Roma<\/td><\/tr><\/tbody><\/table><\/figure>\n\n\n\n<p class=\"has-text-align-center\">Il dott. Antonio Montini visita <strong>PER APPUNTAMENTO<\/strong> presso lo studio &#8220;Conca d&#8217;Oro&#8221; nei seguenti orari<\/p>\n\n\n\n<div class=\"wp-block-group is-layout-constrained wp-block-group-is-layout-constrained\">\n<figure class=\"wp-block-table is-style-regular\"><table><tbody><tr><td class=\"has-text-align-center\" data-align=\"center\">Luned\u00ec<\/td><td class=\"has-text-align-center\" data-align=\"center\">18:30 &#8211; 19:30<\/td><\/tr><tr><td class=\"has-text-align-center\" data-align=\"center\">Mercoled\u00ec<\/td><td class=\"has-text-align-center\" data-align=\"center\">18:30 &#8211; 19:30<\/td><\/tr><tr><td class=\"has-text-align-center\" data-align=\"center\">Venerd\u00ec<\/td><td class=\"has-text-align-center\" data-align=\"center\">18:30 &#8211; 19:30<\/td><\/tr><\/tbody><\/table><\/figure>\n<\/div>\n\n\n<p style=\"text-align: right;\"><a href=\"https:\/\/studioconcadoro.com\/?page_id=691\" data-wplink-edit=\"true\"><span style=\"color: #ffff00;\"><strong>Richiesta prescrizioni online<\/strong><\/span><\/a><\/p>","protected":false},"excerpt":{"rendered":"<p>Antonio Montini \u00e8 nato a Roma nel 1965. S\u00ec \u00e8 laureato in Medicina e Chirurgia nel 1990 presso l&#8217;Universit\u00e0 di<span class=\"more-dots\">&#8230;<\/span><\/p>\n","protected":false},"author":1,"featured_media":0,"parent":189,"menu_order":0,"comment_status":"closed","ping_status":"closed","template":"","meta":{"footnotes":""},"class_list":["post-217","page","type-page","status-publish","hentry","no-post-thumbnail"],"yoast_head":"<!-- This site is optimized with the Yoast SEO plugin v25.6 - https:\/\/yoast.com\/wordpress\/plugins\/seo\/ -->\n<title>Antonio Montini - Studio Medico Polispecialistico &quot;Conca d&#039;Oro&quot; - Roma<\/title>\n<meta name=\"robots\" content=\"index, follow, max-snippet:-1, max-image-preview:large, max-video-preview:-1\" \/>\n<link rel=\"canonical\" href=\"https:\/\/studioconcadoro.com\/?page_id=217\" \/>\n<meta property=\"og:locale\" content=\"en_US\" \/>\n<meta property=\"og:type\" content=\"article\" \/>\n<meta property=\"og:title\" content=\"Antonio Montini - Studio Medico Polispecialistico &quot;Conca d&#039;Oro&quot; - Roma\" \/>\n<meta property=\"og:description\" content=\"Antonio Montini \u00e8 nato a Roma nel 1965. S\u00ec \u00e8 laureato in Medicina e Chirurgia nel 1990 presso l&#8217;Universit\u00e0 di...\" \/>\n<meta property=\"og:url\" content=\"https:\/\/studioconcadoro.com\/?page_id=217\" \/>\n<meta property=\"og:site_name\" content=\"Studio Medico Polispecialistico &quot;Conca d&#039;Oro&quot; - Roma\" \/>\n<meta property=\"article:modified_time\" content=\"2023-08-30T12:06:12+00:00\" \/>\n<meta property=\"og:image\" content=\"http:\/\/studioconcadoro.com\/wp-content\/uploads\/2023\/06\/Screenshot-2023-06-25-133517.png\" \/>\n<meta name=\"twitter:card\" content=\"summary_large_image\" \/>\n<meta name=\"twitter:label1\" content=\"Est. reading time\" \/>\n\t<meta name=\"twitter:data1\" content=\"1 minute\" \/>\n<script type=\"application\/ld+json\" class=\"yoast-schema-graph\">{\"@context\":\"https:\/\/schema.org\",\"@graph\":[{\"@type\":\"WebPage\",\"@id\":\"https:\/\/studioconcadoro.com\/?page_id=217\",\"url\":\"https:\/\/studioconcadoro.com\/?page_id=217\",\"name\":\"Antonio Montini - Studio Medico Polispecialistico &quot;Conca d&#039;Oro&quot; - Roma\",\"isPartOf\":{\"@id\":\"https:\/\/studioconcadoro.com\/#website\"},\"primaryImageOfPage\":{\"@id\":\"https:\/\/studioconcadoro.com\/?page_id=217#primaryimage\"},\"image\":{\"@id\":\"https:\/\/studioconcadoro.com\/?page_id=217#primaryimage\"},\"thumbnailUrl\":\"http:\/\/studioconcadoro.com\/wp-content\/uploads\/2023\/06\/Screenshot-2023-06-25-133517.png\",\"datePublished\":\"2023-06-19T23:46:32+00:00\",\"dateModified\":\"2023-08-30T12:06:12+00:00\",\"breadcrumb\":{\"@id\":\"https:\/\/studioconcadoro.com\/?page_id=217#breadcrumb\"},\"inLanguage\":\"en-US\",\"potentialAction\":[{\"@type\":\"ReadAction\",\"target\":[\"https:\/\/studioconcadoro.com\/?page_id=217\"]}]},{\"@type\":\"ImageObject\",\"inLanguage\":\"en-US\",\"@id\":\"https:\/\/studioconcadoro.com\/?page_id=217#primaryimage\",\"url\":\"http:\/\/studioconcadoro.com\/wp-content\/uploads\/2023\/06\/Screenshot-2023-06-25-133517.png\",\"contentUrl\":\"http:\/\/studioconcadoro.com\/wp-content\/uploads\/2023\/06\/Screenshot-2023-06-25-133517.png\"},{\"@type\":\"BreadcrumbList\",\"@id\":\"https:\/\/studioconcadoro.com\/?page_id=217#breadcrumb\",\"itemListElement\":[{\"@type\":\"ListItem\",\"position\":1,\"name\":\"Home\",\"item\":\"https:\/\/studioconcadoro.com\/\"},{\"@type\":\"ListItem\",\"position\":2,\"name\":\"Medicina Generale\",\"item\":\"https:\/\/studioconcadoro.com\/?page_id=189\"},{\"@type\":\"ListItem\",\"position\":3,\"name\":\"Antonio Montini\"}]},{\"@type\":\"WebSite\",\"@id\":\"https:\/\/studioconcadoro.com\/#website\",\"url\":\"https:\/\/studioconcadoro.com\/\",\"name\":\"Studio Medico Polispecialistico &quot;Conca d&#039;Oro&quot; - Roma\",\"description\":\"\",\"potentialAction\":[{\"@type\":\"SearchAction\",\"target\":{\"@type\":\"EntryPoint\",\"urlTemplate\":\"https:\/\/studioconcadoro.com\/?s={search_term_string}\"},\"query-input\":{\"@type\":\"PropertyValueSpecification\",\"valueRequired\":true,\"valueName\":\"search_term_string\"}}],\"inLanguage\":\"en-US\"}]}<\/script>\n<!-- \/ Yoast SEO plugin. -->","yoast_head_json":{"title":"Antonio Montini - Studio Medico Polispecialistico &quot;Conca d&#039;Oro&quot; - Roma","robots":{"index":"index","follow":"follow","max-snippet":"max-snippet:-1","max-image-preview":"max-image-preview:large","max-video-preview":"max-video-preview:-1"},"canonical":"https:\/\/studioconcadoro.com\/?page_id=217","og_locale":"en_US","og_type":"article","og_title":"Antonio Montini - Studio Medico Polispecialistico &quot;Conca d&#039;Oro&quot; - Roma","og_description":"Antonio Montini \u00e8 nato a Roma nel 1965. S\u00ec \u00e8 laureato in Medicina e Chirurgia nel 1990 presso l&#8217;Universit\u00e0 di...","og_url":"https:\/\/studioconcadoro.com\/?page_id=217","og_site_name":"Studio Medico Polispecialistico &quot;Conca d&#039;Oro&quot; - Roma","article_modified_time":"2023-08-30T12:06:12+00:00","og_image":[{"url":"http:\/\/studioconcadoro.com\/wp-content\/uploads\/2023\/06\/Screenshot-2023-06-25-133517.png","type":"","width":"","height":""}],"twitter_card":"summary_large_image","twitter_misc":{"Est. reading time":"1 minute"},"schema":{"@context":"https:\/\/schema.org","@graph":[{"@type":"WebPage","@id":"https:\/\/studioconcadoro.com\/?page_id=217","url":"https:\/\/studioconcadoro.com\/?page_id=217","name":"Antonio Montini - Studio Medico Polispecialistico &quot;Conca d&#039;Oro&quot; - Roma","isPartOf":{"@id":"https:\/\/studioconcadoro.com\/#website"},"primaryImageOfPage":{"@id":"https:\/\/studioconcadoro.com\/?page_id=217#primaryimage"},"image":{"@id":"https:\/\/studioconcadoro.com\/?page_id=217#primaryimage"},"thumbnailUrl":"http:\/\/studioconcadoro.com\/wp-content\/uploads\/2023\/06\/Screenshot-2023-06-25-133517.png","datePublished":"2023-06-19T23:46:32+00:00","dateModified":"2023-08-30T12:06:12+00:00","breadcrumb":{"@id":"https:\/\/studioconcadoro.com\/?page_id=217#breadcrumb"},"inLanguage":"en-US","potentialAction":[{"@type":"ReadAction","target":["https:\/\/studioconcadoro.com\/?page_id=217"]}]},{"@type":"ImageObject","inLanguage":"en-US","@id":"https:\/\/studioconcadoro.com\/?page_id=217#primaryimage","url":"http:\/\/studioconcadoro.com\/wp-content\/uploads\/2023\/06\/Screenshot-2023-06-25-133517.png","contentUrl":"http:\/\/studioconcadoro.com\/wp-content\/uploads\/2023\/06\/Screenshot-2023-06-25-133517.png"},{"@type":"BreadcrumbList","@id":"https:\/\/studioconcadoro.com\/?page_id=217#breadcrumb","itemListElement":[{"@type":"ListItem","position":1,"name":"Home","item":"https:\/\/studioconcadoro.com\/"},{"@type":"ListItem","position":2,"name":"Medicina Generale","item":"https:\/\/studioconcadoro.com\/?page_id=189"},{"@type":"ListItem","position":3,"name":"Antonio Montini"}]},{"@type":"WebSite","@id":"https:\/\/studioconcadoro.com\/#website","url":"https:\/\/studioconcadoro.com\/","name":"Studio Medico Polispecialistico &quot;Conca d&#039;Oro&quot; - Roma","description":"","potentialAction":[{"@type":"SearchAction","target":{"@type":"EntryPoint","urlTemplate":"https:\/\/studioconcadoro.com\/?s={search_term_string}"},"query-input":{"@type":"PropertyValueSpecification","valueRequired":true,"valueName":"search_term_string"}}],"inLanguage":"en-US"}]}},"_links":{"self":[{"href":"https:\/\/studioconcadoro.com\/index.php?rest_route=\/wp\/v2\/pages\/217","targetHints":{"allow":["GET"]}}],"collection":[{"href":"https:\/\/studioconcadoro.com\/index.php?rest_route=\/wp\/v2\/pages"}],"about":[{"href":"https:\/\/studioconcadoro.com\/index.php?rest_route=\/wp\/v2\/types\/page"}],"author":[{"embeddable":true,"href":"https:\/\/studioconcadoro.com\/index.php?rest_route=\/wp\/v2\/users\/1"}],"replies":[{"embeddable":true,"href":"https:\/\/studioconcadoro.com\/index.php?rest_route=%2Fwp%2Fv2%2Fcomments&post=217"}],"version-history":[{"count":12,"href":"https:\/\/studioconcadoro.com\/index.php?rest_route=\/wp\/v2\/pages\/217\/revisions"}],"predecessor-version":[{"id":700,"href":"https:\/\/studioconcadoro.com\/index.php?rest_route=\/wp\/v2\/pages\/217\/revisions\/700"}],"up":[{"embeddable":true,"href":"https:\/\/studioconcadoro.com\/index.php?rest_route=\/wp\/v2\/pages\/189"}],"wp:attachment":[{"href":"https:\/\/studioconcadoro.com\/index.php?rest_route=%2Fwp%2Fv2%2Fmedia&parent=217"}],"curies":[{"name":"wp","href":"https:\/\/api.w.org\/{rel}","templated":true}]}}