{"id":199,"date":"2023-06-19T23:23:09","date_gmt":"2023-06-19T21:23:09","guid":{"rendered":"https:\/\/studioconcadoro.com\/?page_id=199"},"modified":"2023-08-24T22:48:27","modified_gmt":"2023-08-24T20:48:27","slug":"paolo-proietti","status":"publish","type":"page","link":"https:\/\/studioconcadoro.com\/?page_id=199","title":{"rendered":"Paolo Proietti"},"content":{"rendered":"\n<p><\/p>\n\n\n\n<div class=\"wp-block-media-text is-stacked-on-mobile\" style=\"grid-template-columns:37% auto\"><figure class=\"wp-block-media-text__media\"><img loading=\"lazy\" decoding=\"async\" width=\"720\" height=\"540\" src=\"http:\/\/studioconcadoro.com\/wp-content\/uploads\/2023\/07\/Proietti.jpg\" alt=\"\" class=\"wp-image-389 size-full\" srcset=\"https:\/\/studioconcadoro.com\/wp-content\/uploads\/2023\/07\/Proietti.jpg 720w, https:\/\/studioconcadoro.com\/wp-content\/uploads\/2023\/07\/Proietti-300x225.jpg 300w\" sizes=\"auto, (max-width: 720px) 100vw, 720px\" \/><\/figure><div class=\"wp-block-media-text__content\">\n<p>Paolo Proietti \u00e8 nato a Roma nel 1961. Si \u00e8 laureato in Medicina e Chirurgia presso l&#8217;universit\u00e0 di Roma &#8220;La Sapienza&#8221; nel 1988. Si \u00e8 specializzato nel 1992 in Oncologia presso la stessa universit\u00e0.<\/p>\n\n\n\n<p>\u00c8 Medico vaccinatore presso il centro vaccinazioni della ASL Roma 1 in via DIna Galli.<\/p>\n\n\n\n<p>Il dott. Proietti visita nello Studio &#8220;Conca d&#8217;Oro&#8221; come Medico di Medicina Generale convenzionata ASL nei seguenti orari:<\/p>\n\n\n\n<figure class=\"wp-block-table\"><table><tbody><tr><td class=\"has-text-align-right\" data-align=\"right\">Luned\u00ec<\/td><td class=\"has-text-align-left\" data-align=\"left\">15:30 &#8211; 18:30<\/td><\/tr><tr><td class=\"has-text-align-right\" data-align=\"right\">Marted\u00ec<\/td><td class=\"has-text-align-left\" data-align=\"left\">9:30 &#8211; 12:30<\/td><\/tr><tr><td class=\"has-text-align-right\" data-align=\"right\">Mercoled\u00ec<\/td><td class=\"has-text-align-left\" data-align=\"left\">15:30 &#8211; 18:30<\/td><\/tr><tr><td class=\"has-text-align-right\" data-align=\"right\">Gioved\u00ec<\/td><td class=\"has-text-align-left\" data-align=\"left\">9:30 &#8211; 12:30<\/td><\/tr><tr><td class=\"has-text-align-right\" data-align=\"right\">Venerd\u00ec<\/td><td class=\"has-text-align-left\" data-align=\"left\">15:30 &#8211; 18:30<\/td><\/tr><\/tbody><\/table><\/figure>\n<\/div><\/div>\n\n\n\n<div class=\"wp-block-buttons is-layout-flex wp-block-buttons-is-layout-flex\">\n<div class=\"wp-block-button\"><a class=\"wp-block-button__link wp-element-button\" href=\"https:\/\/studioconcadoro.com\/?page_id=627\">Richiesta prescrizioni online<\/a><\/div>\n<\/div>\n","protected":false},"excerpt":{"rendered":"<p>Paolo Proietti \u00e8 nato a Roma nel 1961. Si \u00e8 laureato in Medicina e Chirurgia presso l&#8217;universit\u00e0 di Roma &#8220;La<span class=\"more-dots\">&#8230;<\/span><\/p>\n","protected":false},"author":1,"featured_media":0,"parent":189,"menu_order":0,"comment_status":"closed","ping_status":"closed","template":"","meta":{"footnotes":""},"class_list":["post-199","page","type-page","status-publish","hentry","no-post-thumbnail"],"yoast_head":"<!-- This site is optimized with the Yoast SEO plugin v25.6 - https:\/\/yoast.com\/wordpress\/plugins\/seo\/ -->\n<title>Paolo Proietti - Studio Medico Polispecialistico &quot;Conca d&#039;Oro&quot; - Roma<\/title>\n<meta name=\"robots\" content=\"index, follow, max-snippet:-1, max-image-preview:large, max-video-preview:-1\" \/>\n<link rel=\"canonical\" href=\"https:\/\/studioconcadoro.com\/?page_id=199\" \/>\n<meta property=\"og:locale\" content=\"en_US\" \/>\n<meta property=\"og:type\" content=\"article\" \/>\n<meta property=\"og:title\" content=\"Paolo Proietti - Studio Medico Polispecialistico &quot;Conca d&#039;Oro&quot; - Roma\" \/>\n<meta property=\"og:description\" content=\"Paolo Proietti \u00e8 nato a Roma nel 1961. Si \u00e8 laureato in Medicina e Chirurgia presso l&#8217;universit\u00e0 di Roma &#8220;La...\" \/>\n<meta property=\"og:url\" content=\"https:\/\/studioconcadoro.com\/?page_id=199\" \/>\n<meta property=\"og:site_name\" content=\"Studio Medico Polispecialistico &quot;Conca d&#039;Oro&quot; - Roma\" \/>\n<meta property=\"article:modified_time\" content=\"2023-08-24T20:48:27+00:00\" \/>\n<meta property=\"og:image\" content=\"http:\/\/studioconcadoro.com\/wp-content\/uploads\/2023\/07\/Proietti.jpg\" \/>\n<meta name=\"twitter:card\" content=\"summary_large_image\" \/>\n<meta name=\"twitter:label1\" content=\"Est. reading time\" \/>\n\t<meta name=\"twitter:data1\" content=\"1 minute\" \/>\n<script type=\"application\/ld+json\" class=\"yoast-schema-graph\">{\"@context\":\"https:\/\/schema.org\",\"@graph\":[{\"@type\":\"WebPage\",\"@id\":\"https:\/\/studioconcadoro.com\/?page_id=199\",\"url\":\"https:\/\/studioconcadoro.com\/?page_id=199\",\"name\":\"Paolo Proietti - Studio Medico Polispecialistico &quot;Conca d&#039;Oro&quot; - Roma\",\"isPartOf\":{\"@id\":\"https:\/\/studioconcadoro.com\/#website\"},\"primaryImageOfPage\":{\"@id\":\"https:\/\/studioconcadoro.com\/?page_id=199#primaryimage\"},\"image\":{\"@id\":\"https:\/\/studioconcadoro.com\/?page_id=199#primaryimage\"},\"thumbnailUrl\":\"http:\/\/studioconcadoro.com\/wp-content\/uploads\/2023\/07\/Proietti.jpg\",\"datePublished\":\"2023-06-19T21:23:09+00:00\",\"dateModified\":\"2023-08-24T20:48:27+00:00\",\"breadcrumb\":{\"@id\":\"https:\/\/studioconcadoro.com\/?page_id=199#breadcrumb\"},\"inLanguage\":\"en-US\",\"potentialAction\":[{\"@type\":\"ReadAction\",\"target\":[\"https:\/\/studioconcadoro.com\/?page_id=199\"]}]},{\"@type\":\"ImageObject\",\"inLanguage\":\"en-US\",\"@id\":\"https:\/\/studioconcadoro.com\/?page_id=199#primaryimage\",\"url\":\"http:\/\/studioconcadoro.com\/wp-content\/uploads\/2023\/07\/Proietti.jpg\",\"contentUrl\":\"http:\/\/studioconcadoro.com\/wp-content\/uploads\/2023\/07\/Proietti.jpg\"},{\"@type\":\"BreadcrumbList\",\"@id\":\"https:\/\/studioconcadoro.com\/?page_id=199#breadcrumb\",\"itemListElement\":[{\"@type\":\"ListItem\",\"position\":1,\"name\":\"Home\",\"item\":\"https:\/\/studioconcadoro.com\/\"},{\"@type\":\"ListItem\",\"position\":2,\"name\":\"Medicina Generale\",\"item\":\"https:\/\/studioconcadoro.com\/?page_id=189\"},{\"@type\":\"ListItem\",\"position\":3,\"name\":\"Paolo Proietti\"}]},{\"@type\":\"WebSite\",\"@id\":\"https:\/\/studioconcadoro.com\/#website\",\"url\":\"https:\/\/studioconcadoro.com\/\",\"name\":\"Studio Medico Polispecialistico &quot;Conca d&#039;Oro&quot; - Roma\",\"description\":\"\",\"potentialAction\":[{\"@type\":\"SearchAction\",\"target\":{\"@type\":\"EntryPoint\",\"urlTemplate\":\"https:\/\/studioconcadoro.com\/?s={search_term_string}\"},\"query-input\":{\"@type\":\"PropertyValueSpecification\",\"valueRequired\":true,\"valueName\":\"search_term_string\"}}],\"inLanguage\":\"en-US\"}]}<\/script>\n<!-- \/ Yoast SEO plugin. -->","yoast_head_json":{"title":"Paolo Proietti - Studio Medico Polispecialistico &quot;Conca d&#039;Oro&quot; - Roma","robots":{"index":"index","follow":"follow","max-snippet":"max-snippet:-1","max-image-preview":"max-image-preview:large","max-video-preview":"max-video-preview:-1"},"canonical":"https:\/\/studioconcadoro.com\/?page_id=199","og_locale":"en_US","og_type":"article","og_title":"Paolo Proietti - Studio Medico Polispecialistico &quot;Conca d&#039;Oro&quot; - Roma","og_description":"Paolo Proietti \u00e8 nato a Roma nel 1961. Si \u00e8 laureato in Medicina e Chirurgia presso l&#8217;universit\u00e0 di Roma &#8220;La...","og_url":"https:\/\/studioconcadoro.com\/?page_id=199","og_site_name":"Studio Medico Polispecialistico &quot;Conca d&#039;Oro&quot; - Roma","article_modified_time":"2023-08-24T20:48:27+00:00","og_image":[{"url":"http:\/\/studioconcadoro.com\/wp-content\/uploads\/2023\/07\/Proietti.jpg","type":"","width":"","height":""}],"twitter_card":"summary_large_image","twitter_misc":{"Est. reading time":"1 minute"},"schema":{"@context":"https:\/\/schema.org","@graph":[{"@type":"WebPage","@id":"https:\/\/studioconcadoro.com\/?page_id=199","url":"https:\/\/studioconcadoro.com\/?page_id=199","name":"Paolo Proietti - Studio Medico Polispecialistico &quot;Conca d&#039;Oro&quot; - Roma","isPartOf":{"@id":"https:\/\/studioconcadoro.com\/#website"},"primaryImageOfPage":{"@id":"https:\/\/studioconcadoro.com\/?page_id=199#primaryimage"},"image":{"@id":"https:\/\/studioconcadoro.com\/?page_id=199#primaryimage"},"thumbnailUrl":"http:\/\/studioconcadoro.com\/wp-content\/uploads\/2023\/07\/Proietti.jpg","datePublished":"2023-06-19T21:23:09+00:00","dateModified":"2023-08-24T20:48:27+00:00","breadcrumb":{"@id":"https:\/\/studioconcadoro.com\/?page_id=199#breadcrumb"},"inLanguage":"en-US","potentialAction":[{"@type":"ReadAction","target":["https:\/\/studioconcadoro.com\/?page_id=199"]}]},{"@type":"ImageObject","inLanguage":"en-US","@id":"https:\/\/studioconcadoro.com\/?page_id=199#primaryimage","url":"http:\/\/studioconcadoro.com\/wp-content\/uploads\/2023\/07\/Proietti.jpg","contentUrl":"http:\/\/studioconcadoro.com\/wp-content\/uploads\/2023\/07\/Proietti.jpg"},{"@type":"BreadcrumbList","@id":"https:\/\/studioconcadoro.com\/?page_id=199#breadcrumb","itemListElement":[{"@type":"ListItem","position":1,"name":"Home","item":"https:\/\/studioconcadoro.com\/"},{"@type":"ListItem","position":2,"name":"Medicina Generale","item":"https:\/\/studioconcadoro.com\/?page_id=189"},{"@type":"ListItem","position":3,"name":"Paolo Proietti"}]},{"@type":"WebSite","@id":"https:\/\/studioconcadoro.com\/#website","url":"https:\/\/studioconcadoro.com\/","name":"Studio Medico Polispecialistico &quot;Conca d&#039;Oro&quot; - Roma","description":"","potentialAction":[{"@type":"SearchAction","target":{"@type":"EntryPoint","urlTemplate":"https:\/\/studioconcadoro.com\/?s={search_term_string}"},"query-input":{"@type":"PropertyValueSpecification","valueRequired":true,"valueName":"search_term_string"}}],"inLanguage":"en-US"}]}},"_links":{"self":[{"href":"https:\/\/studioconcadoro.com\/index.php?rest_route=\/wp\/v2\/pages\/199","targetHints":{"allow":["GET"]}}],"collection":[{"href":"https:\/\/studioconcadoro.com\/index.php?rest_route=\/wp\/v2\/pages"}],"about":[{"href":"https:\/\/studioconcadoro.com\/index.php?rest_route=\/wp\/v2\/types\/page"}],"author":[{"embeddable":true,"href":"https:\/\/studioconcadoro.com\/index.php?rest_route=\/wp\/v2\/users\/1"}],"replies":[{"embeddable":true,"href":"https:\/\/studioconcadoro.com\/index.php?rest_route=%2Fwp%2Fv2%2Fcomments&post=199"}],"version-history":[{"count":9,"href":"https:\/\/studioconcadoro.com\/index.php?rest_route=\/wp\/v2\/pages\/199\/revisions"}],"predecessor-version":[{"id":646,"href":"https:\/\/studioconcadoro.com\/index.php?rest_route=\/wp\/v2\/pages\/199\/revisions\/646"}],"up":[{"embeddable":true,"href":"https:\/\/studioconcadoro.com\/index.php?rest_route=\/wp\/v2\/pages\/189"}],"wp:attachment":[{"href":"https:\/\/studioconcadoro.com\/index.php?rest_route=%2Fwp%2Fv2%2Fmedia&parent=199"}],"curies":[{"name":"wp","href":"https:\/\/api.w.org\/{rel}","templated":true}]}}