{"id":189,"date":"2023-06-18T20:53:59","date_gmt":"2023-06-18T18:53:59","guid":{"rendered":"https:\/\/studioconcadoro.com\/?page_id=189"},"modified":"2025-01-12T19:44:30","modified_gmt":"2025-01-12T18:44:30","slug":"medicina-generale","status":"publish","type":"page","link":"https:\/\/studioconcadoro.com\/?page_id=189","title":{"rendered":"Medicina Generale"},"content":{"rendered":"<h3>\u00a0<\/h3>\n<h3><span style=\"color: #ffff00;\"><mark class=\"has-inline-color has-background-color\" data-rich-text-format-boundary=\"true\">L&#8217;articolo 32 della Costituzione della Repubblica Italiana afferma:<\/mark><\/span><\/h3>\n<h2><em><mark class=\"has-inline-color has-background-color\" data-rich-text-format-boundary=\"true\">La Repubblica tutela la salute come fondamentale diritto dell&#8217;individuo e interesse della collettivit\u00e0, e garantisce cure gratuite agli indigenti. Nessuno pu\u00f2 essere obbligato a un determinato trattamento sanitario se non per disposizione di legge. La legge non pu\u00f2 in nessun caso violare i limiti imposti dal rispetto della persona umana.<\/mark><\/em><\/h2>\n<h3><span style=\"color: #ffff00;\"><mark class=\"has-inline-color has-background-color\" data-rich-text-format-boundary=\"true\">Da quanto sancito dal suddetto articolo, si intuisce quanto la figura del Medico di Medicina Generale abbia un ruolo chiave in questo ambito: il Medico di Medicina Generale infatti rappresenta il primo contatto che il Paziente ha ogni volta che abbia un problema di salute. Il Medico rappresenta il collegamento del Sistema Sanitario Nazionale con l&#8217;utenza sul territorio; il Medico pu\u00f2 visitare il Paziente, prescrivere farmaci, richiedere esami di laboratorio o strumentali, o pu\u00f2 richiedere dei consulti specialistici. Il Medico ha anche la importante funzione certificativa: pu\u00f2 stilare certificati di malattia, di invalidit\u00e0, per idoneit\u00e0 allo sport non agonistico, e molti altri<\/mark><\/span><\/h3>\n<\/p>\n\n\n<div class=\"wp-block-media-text is-stacked-on-mobile\" style=\"grid-template-columns:60% auto\"><figure class=\"wp-block-media-text__media\"><img loading=\"lazy\" decoding=\"async\" width=\"970\" height=\"459\" src=\"http:\/\/studioconcadoro.com\/wp-content\/uploads\/2023\/07\/Alberto-Sordi-Monte-Cervialto-3.jpg\" alt=\"\" class=\"wp-image-504 size-full\" srcset=\"https:\/\/studioconcadoro.com\/wp-content\/uploads\/2023\/07\/Alberto-Sordi-Monte-Cervialto-3.jpg 970w, https:\/\/studioconcadoro.com\/wp-content\/uploads\/2023\/07\/Alberto-Sordi-Monte-Cervialto-3-300x142.jpg 300w, https:\/\/studioconcadoro.com\/wp-content\/uploads\/2023\/07\/Alberto-Sordi-Monte-Cervialto-3-768x363.jpg 768w\" sizes=\"auto, (max-width: 970px) 100vw, 970px\" \/><\/figure><div class=\"wp-block-media-text__content\">\n<p><strong>Nello Studio &#8220;Conca d&#8217;Oro&#8221; operano in qualit\u00e0 di Medici di Medicina Generale i seguenti professisti<\/strong><\/p>\n\n\n\n<p><a href=\"https:\/\/studioconcadoro.com\/?page_id=217\"><strong>dott. Antonio Montini<\/strong><\/a><\/p>\n\n\n\n<p><a href=\"https:\/\/studioconcadoro.com\/?page_id=199\"><strong>dott. Paolo Proietti<\/strong><\/a><\/p>\n\n\n\n<p><a href=\"https:\/\/studioconcadoro.com\/?page_id=192\"><strong>dott. Massimo Stanzione<\/strong><\/a><\/p>\n<\/div><\/div>\n","protected":false},"excerpt":{"rendered":"<p>\u00a0 L&#8217;articolo 32 della Costituzione della Repubblica Italiana afferma: La Repubblica tutela la salute come fondamentale diritto dell&#8217;individuo e interesse<span class=\"more-dots\">&#8230;<\/span><\/p>\n","protected":false},"author":1,"featured_media":0,"parent":0,"menu_order":0,"comment_status":"closed","ping_status":"closed","template":"","meta":{"footnotes":""},"class_list":["post-189","page","type-page","status-publish","hentry","no-post-thumbnail"],"yoast_head":"<!-- This site is optimized with the Yoast SEO plugin v25.6 - https:\/\/yoast.com\/wordpress\/plugins\/seo\/ -->\n<title>Medicina Generale - Studio Medico Polispecialistico &quot;Conca d&#039;Oro&quot; - Roma<\/title>\n<meta name=\"robots\" content=\"index, follow, max-snippet:-1, max-image-preview:large, max-video-preview:-1\" \/>\n<link rel=\"canonical\" href=\"https:\/\/studioconcadoro.com\/?page_id=189\" \/>\n<meta property=\"og:locale\" content=\"en_US\" \/>\n<meta property=\"og:type\" content=\"article\" \/>\n<meta property=\"og:title\" content=\"Medicina Generale - Studio Medico Polispecialistico &quot;Conca d&#039;Oro&quot; - Roma\" \/>\n<meta property=\"og:description\" content=\"\u00a0 L&#8217;articolo 32 della Costituzione della Repubblica Italiana afferma: La Repubblica tutela la salute come fondamentale diritto dell&#8217;individuo e interesse...\" \/>\n<meta property=\"og:url\" content=\"https:\/\/studioconcadoro.com\/?page_id=189\" \/>\n<meta property=\"og:site_name\" content=\"Studio Medico Polispecialistico &quot;Conca d&#039;Oro&quot; - Roma\" \/>\n<meta property=\"article:modified_time\" content=\"2025-01-12T18:44:30+00:00\" \/>\n<meta property=\"og:image\" content=\"http:\/\/studioconcadoro.com\/wp-content\/uploads\/2023\/07\/Alberto-Sordi-Monte-Cervialto-3.jpg\" \/>\n<meta name=\"twitter:card\" content=\"summary_large_image\" \/>\n<meta name=\"twitter:label1\" content=\"Est. reading time\" \/>\n\t<meta name=\"twitter:data1\" content=\"2 minutes\" \/>\n<script type=\"application\/ld+json\" class=\"yoast-schema-graph\">{\"@context\":\"https:\/\/schema.org\",\"@graph\":[{\"@type\":\"WebPage\",\"@id\":\"https:\/\/studioconcadoro.com\/?page_id=189\",\"url\":\"https:\/\/studioconcadoro.com\/?page_id=189\",\"name\":\"Medicina Generale - Studio Medico Polispecialistico &quot;Conca d&#039;Oro&quot; - Roma\",\"isPartOf\":{\"@id\":\"https:\/\/studioconcadoro.com\/#website\"},\"primaryImageOfPage\":{\"@id\":\"https:\/\/studioconcadoro.com\/?page_id=189#primaryimage\"},\"image\":{\"@id\":\"https:\/\/studioconcadoro.com\/?page_id=189#primaryimage\"},\"thumbnailUrl\":\"http:\/\/studioconcadoro.com\/wp-content\/uploads\/2023\/07\/Alberto-Sordi-Monte-Cervialto-3.jpg\",\"datePublished\":\"2023-06-18T18:53:59+00:00\",\"dateModified\":\"2025-01-12T18:44:30+00:00\",\"breadcrumb\":{\"@id\":\"https:\/\/studioconcadoro.com\/?page_id=189#breadcrumb\"},\"inLanguage\":\"en-US\",\"potentialAction\":[{\"@type\":\"ReadAction\",\"target\":[\"https:\/\/studioconcadoro.com\/?page_id=189\"]}]},{\"@type\":\"ImageObject\",\"inLanguage\":\"en-US\",\"@id\":\"https:\/\/studioconcadoro.com\/?page_id=189#primaryimage\",\"url\":\"http:\/\/studioconcadoro.com\/wp-content\/uploads\/2023\/07\/Alberto-Sordi-Monte-Cervialto-3.jpg\",\"contentUrl\":\"http:\/\/studioconcadoro.com\/wp-content\/uploads\/2023\/07\/Alberto-Sordi-Monte-Cervialto-3.jpg\"},{\"@type\":\"BreadcrumbList\",\"@id\":\"https:\/\/studioconcadoro.com\/?page_id=189#breadcrumb\",\"itemListElement\":[{\"@type\":\"ListItem\",\"position\":1,\"name\":\"Home\",\"item\":\"https:\/\/studioconcadoro.com\/\"},{\"@type\":\"ListItem\",\"position\":2,\"name\":\"Medicina Generale\"}]},{\"@type\":\"WebSite\",\"@id\":\"https:\/\/studioconcadoro.com\/#website\",\"url\":\"https:\/\/studioconcadoro.com\/\",\"name\":\"Studio Medico Polispecialistico &quot;Conca d&#039;Oro&quot; - Roma\",\"description\":\"\",\"potentialAction\":[{\"@type\":\"SearchAction\",\"target\":{\"@type\":\"EntryPoint\",\"urlTemplate\":\"https:\/\/studioconcadoro.com\/?s={search_term_string}\"},\"query-input\":{\"@type\":\"PropertyValueSpecification\",\"valueRequired\":true,\"valueName\":\"search_term_string\"}}],\"inLanguage\":\"en-US\"}]}<\/script>\n<!-- \/ Yoast SEO plugin. -->","yoast_head_json":{"title":"Medicina Generale - Studio Medico Polispecialistico &quot;Conca d&#039;Oro&quot; - Roma","robots":{"index":"index","follow":"follow","max-snippet":"max-snippet:-1","max-image-preview":"max-image-preview:large","max-video-preview":"max-video-preview:-1"},"canonical":"https:\/\/studioconcadoro.com\/?page_id=189","og_locale":"en_US","og_type":"article","og_title":"Medicina Generale - Studio Medico Polispecialistico &quot;Conca d&#039;Oro&quot; - Roma","og_description":"\u00a0 L&#8217;articolo 32 della Costituzione della Repubblica Italiana afferma: La Repubblica tutela la salute come fondamentale diritto dell&#8217;individuo e interesse...","og_url":"https:\/\/studioconcadoro.com\/?page_id=189","og_site_name":"Studio Medico Polispecialistico &quot;Conca d&#039;Oro&quot; - Roma","article_modified_time":"2025-01-12T18:44:30+00:00","og_image":[{"url":"http:\/\/studioconcadoro.com\/wp-content\/uploads\/2023\/07\/Alberto-Sordi-Monte-Cervialto-3.jpg","type":"","width":"","height":""}],"twitter_card":"summary_large_image","twitter_misc":{"Est. reading time":"2 minutes"},"schema":{"@context":"https:\/\/schema.org","@graph":[{"@type":"WebPage","@id":"https:\/\/studioconcadoro.com\/?page_id=189","url":"https:\/\/studioconcadoro.com\/?page_id=189","name":"Medicina Generale - Studio Medico Polispecialistico &quot;Conca d&#039;Oro&quot; - Roma","isPartOf":{"@id":"https:\/\/studioconcadoro.com\/#website"},"primaryImageOfPage":{"@id":"https:\/\/studioconcadoro.com\/?page_id=189#primaryimage"},"image":{"@id":"https:\/\/studioconcadoro.com\/?page_id=189#primaryimage"},"thumbnailUrl":"http:\/\/studioconcadoro.com\/wp-content\/uploads\/2023\/07\/Alberto-Sordi-Monte-Cervialto-3.jpg","datePublished":"2023-06-18T18:53:59+00:00","dateModified":"2025-01-12T18:44:30+00:00","breadcrumb":{"@id":"https:\/\/studioconcadoro.com\/?page_id=189#breadcrumb"},"inLanguage":"en-US","potentialAction":[{"@type":"ReadAction","target":["https:\/\/studioconcadoro.com\/?page_id=189"]}]},{"@type":"ImageObject","inLanguage":"en-US","@id":"https:\/\/studioconcadoro.com\/?page_id=189#primaryimage","url":"http:\/\/studioconcadoro.com\/wp-content\/uploads\/2023\/07\/Alberto-Sordi-Monte-Cervialto-3.jpg","contentUrl":"http:\/\/studioconcadoro.com\/wp-content\/uploads\/2023\/07\/Alberto-Sordi-Monte-Cervialto-3.jpg"},{"@type":"BreadcrumbList","@id":"https:\/\/studioconcadoro.com\/?page_id=189#breadcrumb","itemListElement":[{"@type":"ListItem","position":1,"name":"Home","item":"https:\/\/studioconcadoro.com\/"},{"@type":"ListItem","position":2,"name":"Medicina Generale"}]},{"@type":"WebSite","@id":"https:\/\/studioconcadoro.com\/#website","url":"https:\/\/studioconcadoro.com\/","name":"Studio Medico Polispecialistico &quot;Conca d&#039;Oro&quot; - Roma","description":"","potentialAction":[{"@type":"SearchAction","target":{"@type":"EntryPoint","urlTemplate":"https:\/\/studioconcadoro.com\/?s={search_term_string}"},"query-input":{"@type":"PropertyValueSpecification","valueRequired":true,"valueName":"search_term_string"}}],"inLanguage":"en-US"}]}},"_links":{"self":[{"href":"https:\/\/studioconcadoro.com\/index.php?rest_route=\/wp\/v2\/pages\/189","targetHints":{"allow":["GET"]}}],"collection":[{"href":"https:\/\/studioconcadoro.com\/index.php?rest_route=\/wp\/v2\/pages"}],"about":[{"href":"https:\/\/studioconcadoro.com\/index.php?rest_route=\/wp\/v2\/types\/page"}],"author":[{"embeddable":true,"href":"https:\/\/studioconcadoro.com\/index.php?rest_route=\/wp\/v2\/users\/1"}],"replies":[{"embeddable":true,"href":"https:\/\/studioconcadoro.com\/index.php?rest_route=%2Fwp%2Fv2%2Fcomments&post=189"}],"version-history":[{"count":21,"href":"https:\/\/studioconcadoro.com\/index.php?rest_route=\/wp\/v2\/pages\/189\/revisions"}],"predecessor-version":[{"id":839,"href":"https:\/\/studioconcadoro.com\/index.php?rest_route=\/wp\/v2\/pages\/189\/revisions\/839"}],"wp:attachment":[{"href":"https:\/\/studioconcadoro.com\/index.php?rest_route=%2Fwp%2Fv2%2Fmedia&parent=189"}],"curies":[{"name":"wp","href":"https:\/\/api.w.org\/{rel}","templated":true}]}}